{"id":392,"date":"2019-10-31T16:51:37","date_gmt":"2019-10-31T13:51:37","guid":{"rendered":"http:\/\/ple.com.tr\/it\/?page_id=392"},"modified":"2019-10-31T16:53:08","modified_gmt":"2019-10-31T13:53:08","slug":"riguardo-a-noi","status":"publish","type":"page","link":"https:\/\/ple.com.tr\/it\/riguardo-a-noi\/","title":{"rendered":"Riguardo a noi"},"content":{"rendered":"<p><span style=\"font-weight: 400;\">P\u0131narc\u0131 Liman Ekipmanlar\u0131, specializzata in soluzioni portuali con oltre 15 anni di esperienza nel settore gru, lavora per trovare la soluzione pi\u00f9 adatta per i suoi clienti.<\/span><\/p>\n<p><span style=\"font-weight: 400;\">La sua fondazione storica\u00a0 \u00e8 uno dei punti di forza dell&#8217;azienda, che offre varie opportunit\u00e0 ai suoi clienti in tutto il mondo con il suo team di ingegneri esperti. P\u0131narc\u0131 Liman Ekipmanlar\u0131 \u00e8 una societ\u00e0 di propriet\u00e0 di una famiglia nota per il suo aspetto imprenditoriale nel settore gru da molti anni.<\/span><\/p>\n<p><span style=\"font-weight: 400;\">Grazie al suo ampio e avanzato portafoglio di attrezzature portuali, P\u0131narc\u0131 consente di gestire le operazioni di carico, scarico e accatastamento in modo sicuro e rapido.<\/span><\/p>\n<p><span style=\"font-weight: 400;\">P\u0131narc\u0131 Liman Ekipmanlar\u0131, una delle societ\u00e0 che viene in mente per prima nel settore portuale sia in Turchia che in mondo quando si pensa alle attrezzature portuali, mira a diventare un partner a lungo termine per tutti i suoi clienti, piuttosto che essere solo un fornitore.<\/span><\/p>\n<p><span style=\"font-weight: 400;\">Con la forza e l&#8217;incoraggiamento che otteniamo dalla nostra storia ed esperienza, siamo in grado di offrire soluzioni mirate e prodotti speciali per ogni singolo cliente, aumentare la produttivit\u00e0 e risparmiare tempo.<\/span><\/p>\n","protected":false},"excerpt":{"rendered":"<p>P\u0131narc\u0131 Liman Ekipmanlar\u0131, specializzata in soluzioni portuali con oltre 15 anni di esperienza nel settore gru, lavora per trovare la soluzione pi\u00f9 adatta per i suoi clienti. La sua fondazione storica\u00a0 \u00e8 uno dei punti di forza dell&#8217;azienda, che offre varie opportunit\u00e0 ai suoi clienti in tutto il mondo con il suo team di ingegneri [&#8230;]\n","protected":false},"author":1,"featured_media":0,"parent":0,"menu_order":0,"comment_status":"closed","ping_status":"closed","template":"","meta":[],"_links":{"self":[{"href":"https:\/\/ple.com.tr\/it\/wp-json\/wp\/v2\/pages\/392"}],"collection":[{"href":"https:\/\/ple.com.tr\/it\/wp-json\/wp\/v2\/pages"}],"about":[{"href":"https:\/\/ple.com.tr\/it\/wp-json\/wp\/v2\/types\/page"}],"author":[{"embeddable":true,"href":"https:\/\/ple.com.tr\/it\/wp-json\/wp\/v2\/users\/1"}],"replies":[{"embeddable":true,"href":"https:\/\/ple.com.tr\/it\/wp-json\/wp\/v2\/comments?post=392"}],"version-history":[{"count":2,"href":"https:\/\/ple.com.tr\/it\/wp-json\/wp\/v2\/pages\/392\/revisions"}],"predecessor-version":[{"id":399,"href":"https:\/\/ple.com.tr\/it\/wp-json\/wp\/v2\/pages\/392\/revisions\/399"}],"wp:attachment":[{"href":"https:\/\/ple.com.tr\/it\/wp-json\/wp\/v2\/media?parent=392"}],"curies":[{"name":"wp","href":"https:\/\/api.w.org\/{rel}","templated":true}]}}