{"id":392,"date":"2019-10-31T15:14:40","date_gmt":"2019-10-31T12:14:40","guid":{"rendered":"http:\/\/ple.com.tr\/es\/?page_id=392"},"modified":"2019-10-31T15:16:33","modified_gmt":"2019-10-31T12:16:33","slug":"sobre-nosotros","status":"publish","type":"page","link":"https:\/\/ple.com.tr\/es\/sobre-nosotros\/","title":{"rendered":"Sobre Nosotros"},"content":{"rendered":"<p><span style=\"font-weight: 400;\">P\u0131narc\u0131 Equipos Portuarios, especializado en soluciones portuarias con m\u00e1s de 15 a\u00f1os de experiencia en el negocio de gr\u00faas, intenta presentar la soluci\u00f3n adecuada para sus clientes.<\/span><\/p>\n<p><span style=\"font-weight: 400;\">Uno de los aspectos m\u00e1s fuertes de la empresa, que presenta varias posibilidades a sus clientes en todo el mundo con su personal de ingenier\u00eda experto, es su historia. P\u0131narc\u0131 Equipos Portuarios es una instituci\u00f3n establecida por una familia, conocida por su esp\u00edritu empresarial en el negocio de las gr\u00faas.<\/span><\/p>\n<p><span style=\"font-weight: 400;\">P\u0131narc\u0131 le permite completar trabajos de forma r\u00e1pida y segura, como descargar y apilar con equipos portuarios en su cartera avanzada y amplia.<\/span><\/p>\n<p><span style=\"font-weight: 400;\">Una de las compa\u00f1\u00edas de equipos portuarios m\u00e1s prominentes a nivel nacional e internacional, P\u0131narc\u0131 Equipos Portuarios tiene como objetivo no solo ser un proveedor, sino tambi\u00e9n convertirse en un socio comercial a largo plazo con cada uno de sus clientes.<\/span><\/p>\n<p><span style=\"font-weight: 400;\">Con la solidez de nuestra historia y experiencia, podemos ofrecer a nuestros clientes soluciones exclusivas y precisas, proporcionar productos de alta calidad y aumentar la eficiencia y el tiempo ahorrado en sus proyectos.<\/span><\/p>\n","protected":false},"excerpt":{"rendered":"<p>P\u0131narc\u0131 Equipos Portuarios, especializado en soluciones portuarias con m\u00e1s de 15 a\u00f1os de experiencia en el negocio de gr\u00faas, intenta presentar la soluci\u00f3n adecuada para sus clientes. Uno de los aspectos m\u00e1s fuertes de la empresa, que presenta varias posibilidades a sus clientes en todo el mundo con su personal de ingenier\u00eda experto, es su [&#8230;]\n","protected":false},"author":1,"featured_media":0,"parent":0,"menu_order":0,"comment_status":"closed","ping_status":"closed","template":"","meta":[],"_links":{"self":[{"href":"https:\/\/ple.com.tr\/es\/wp-json\/wp\/v2\/pages\/392"}],"collection":[{"href":"https:\/\/ple.com.tr\/es\/wp-json\/wp\/v2\/pages"}],"about":[{"href":"https:\/\/ple.com.tr\/es\/wp-json\/wp\/v2\/types\/page"}],"author":[{"embeddable":true,"href":"https:\/\/ple.com.tr\/es\/wp-json\/wp\/v2\/users\/1"}],"replies":[{"embeddable":true,"href":"https:\/\/ple.com.tr\/es\/wp-json\/wp\/v2\/comments?post=392"}],"version-history":[{"count":2,"href":"https:\/\/ple.com.tr\/es\/wp-json\/wp\/v2\/pages\/392\/revisions"}],"predecessor-version":[{"id":399,"href":"https:\/\/ple.com.tr\/es\/wp-json\/wp\/v2\/pages\/392\/revisions\/399"}],"wp:attachment":[{"href":"https:\/\/ple.com.tr\/es\/wp-json\/wp\/v2\/media?parent=392"}],"curies":[{"name":"wp","href":"https:\/\/api.w.org\/{rel}","templated":true}]}}